{"id":4051,"date":"2018-05-14T14:52:52","date_gmt":"2018-05-14T14:52:52","guid":{"rendered":"https:\/\/demo-content.kaliumtheme.com\/architecture\/?page_id=4051"},"modified":"2023-02-14T10:16:23","modified_gmt":"2023-02-14T09:16:23","slug":"home","status":"publish","type":"page","link":"https:\/\/www.remise-berlin.de\/en\/","title":{"rendered":"Home"},"content":{"rendered":"<section class=\"wpb-content-wrapper\"><div class=\"vc-row-container vc-row-container--stretch-content-no-spaces\"><div data-vc-full-width=\"true\" data-vc-full-width-init=\"false\" data-vc-stretch-content=\"true\" class=\"vc_row wpb_row vc_row-fluid vc_row-no-padding\"><div class=\"wpb_column vc_column_container vc_col-sm-12\"><div class=\"vc_column-inner\"><div class=\"wpb_wrapper\">\t\t\t<script src=\"\/\/www.remise-berlin.de\/testsite\/wordpress\/wp-content\/plugins\/revslider\/public\/assets\/js\/rbtools.min.js?rev=6.6.7\"><\/script>\n\t\t\t<script src=\"\/\/www.remise-berlin.de\/testsite\/wordpress\/wp-content\/plugins\/revslider\/public\/assets\/js\/rs6.min.js?rev=6.6.7\"><\/script>\n\n\t\t\t<!-- START Architecture REVOLUTION SLIDER 6.6.7 --><p class=\"rs-p-wp-fix\"><\/p>\n\t\t\t<rs-module-wrap id=\"rev_slider_1_1_wrapper\" data-source=\"gallery\" style=\"visibility:hidden;background:#eeeeee;padding:0;margin:0px auto;margin-top:0;margin-bottom:0;\">\n\t\t\t\t<rs-module id=\"rev_slider_1_1\" style=\"\" data-version=\"6.6.7\">\n\t\t\t\t\t<rs-slides style=\"overflow: hidden; position: absolute;\">\n\t\t\t\t\t\t<rs-slide style=\"position: absolute;\" data-key=\"rs-1\" data-title=\"Remise\" data-thumb=\"\/\/www.remise-berlin.de\/testsite\/wordpress\/wp-content\/uploads\/2020\/02\/remise-berlin-hof-1-300x150.jpg\" data-anim=\"ms:600;r:0;\" data-in=\"o:0;\" data-out=\"a:false;\">\n\t\t\t\t\t\t\t<img src=\"\/\/www.remise-berlin.de\/testsite\/wordpress\/wp-content\/plugins\/revslider\/public\/assets\/assets\/dummy.png\" alt=\"remise-berlin-gaestehaus\" title=\"remise-berlin-hof-1\" width=\"2000\" height=\"1333\" class=\"rev-slidebg tp-rs-img rs-lazyload\" data-lazyload=\"\/\/www.remise-berlin.de\/testsite\/wordpress\/wp-content\/uploads\/2020\/02\/remise-berlin-hof-1.jpg\" data-bg=\"f:contain;\" data-no-retina>\n<!---->\t\t\t\t\t\t<\/rs-slide>\n\t\t\t\t\t\t<rs-slide style=\"position: absolute;\" data-key=\"rs-2\" data-title=\"Remise2\" data-thumb=\"\/\/www.remise-berlin.de\/testsite\/wordpress\/wp-content\/uploads\/2020\/02\/remise-berlin-fachwerk-hof-1-300x150.jpg\" data-anim=\"ms:600;r:0;\" data-in=\"o:0;\" data-out=\"a:false;\">\n\t\t\t\t\t\t\t<img src=\"\/\/www.remise-berlin.de\/testsite\/wordpress\/wp-content\/plugins\/revslider\/public\/assets\/assets\/dummy.png\" alt=\"\" title=\"remise-berlin-fachwerk-hof-1\" width=\"2000\" height=\"1500\" class=\"rev-slidebg tp-rs-img rs-lazyload\" data-lazyload=\"\/\/www.remise-berlin.de\/testsite\/wordpress\/wp-content\/uploads\/2020\/02\/remise-berlin-fachwerk-hof-1.jpg\" data-bg=\"f:contain;\" data-no-retina>\n<!---->\t\t\t\t\t\t<\/rs-slide>\n\t\t\t\t\t\t<rs-slide style=\"position: absolute;\" data-key=\"rs-3\" data-title=\"Remise3\" data-thumb=\"\/\/www.remise-berlin.de\/testsite\/wordpress\/wp-content\/uploads\/2020\/02\/remise-berlin-stall-hof-1-300x150.jpg\" data-anim=\"ms:600;r:0;\" data-in=\"o:0;\" data-out=\"a:false;\">\n\t\t\t\t\t\t\t<img src=\"\/\/www.remise-berlin.de\/testsite\/wordpress\/wp-content\/plugins\/revslider\/public\/assets\/assets\/dummy.png\" alt=\"\" title=\"remise-berlin-stall-hof-1\" width=\"1500\" height=\"1498\" class=\"rev-slidebg tp-rs-img rs-lazyload\" data-lazyload=\"\/\/www.remise-berlin.de\/testsite\/wordpress\/wp-content\/uploads\/2020\/02\/remise-berlin-stall-hof-1.jpg\" data-bg=\"f:contain;\" data-no-retina>\n<!---->\t\t\t\t\t\t<\/rs-slide>\n\t\t\t\t\t\t<rs-slide style=\"position: absolute;\" data-key=\"rs-7\" data-title=\"Remise3\" data-thumb=\"\/\/www.remise-berlin.de\/testsite\/wordpress\/wp-content\/uploads\/2020\/02\/remise-berlin-hof-2-300x150.jpg\" data-anim=\"ms:600;r:0;\" data-in=\"o:0;\" data-out=\"a:false;\">\n\t\t\t\t\t\t\t<img src=\"\/\/www.remise-berlin.de\/testsite\/wordpress\/wp-content\/plugins\/revslider\/public\/assets\/assets\/dummy.png\" alt=\"\" title=\"remise-berlin-hof-2\" width=\"2000\" height=\"1355\" class=\"rev-slidebg tp-rs-img rs-lazyload\" data-lazyload=\"\/\/www.remise-berlin.de\/testsite\/wordpress\/wp-content\/uploads\/2020\/02\/remise-berlin-hof-2.jpg\" data-bg=\"f:contain;\" data-no-retina>\n<!---->\t\t\t\t\t\t<\/rs-slide>\n\t\t\t\t\t<\/rs-slides>\n\t\t\t\t<\/rs-module>\n\t\t\t\t<script>\n\t\t\t\t\tsetREVStartSize({c: 'rev_slider_1_1',rl:[1240,1024,778,480],el:[550,550,650,300],gw:[1140,1024,778,480],gh:[550,550,550,300],type:'standard',justify:'',layout:'fullwidth',mh:\"700\"});if (window.RS_MODULES!==undefined && window.RS_MODULES.modules!==undefined && window.RS_MODULES.modules[\"revslider11\"]!==undefined) {window.RS_MODULES.modules[\"revslider11\"].once = false;window.revapi1 = undefined;if (window.RS_MODULES.checkMinimal!==undefined) window.RS_MODULES.checkMinimal()}\n\t\t\t\t<\/script>\n\t\t\t<\/rs-module-wrap>\n\t\t\t<!-- END REVOLUTION SLIDER -->\n<\/div><\/div><\/div><\/div><div class=\"vc_row-full-width vc_clearfix\"><\/div><\/div><div class=\"vc-row-container container\"><div class=\"vc_row wpb_row vc_row-fluid\"><div class=\"wpb_column vc_column_container vc_col-sm-12\"><div class=\"vc_column-inner\"><div class=\"wpb_wrapper\"><div class=\"vc_row wpb_row vc_inner vc_row-fluid homepage-welcome\"><div class=\"wpb_column vc_column_container vc_col-sm-6\"><div class=\"vc_column-inner\"><div class=\"wpb_wrapper\"><div class=\"auto-type-element  vc_custom_1586278772511\">\n\t\n<h2>G\u00e4steh\u00e4user mitten in der Stadt<\/h2>\n<\/div>\n\n<\/div><\/div><\/div><div class=\"wpb_column vc_column_container vc_col-sm-6\"><div class=\"vc_column-inner vc_custom_1526904907304\"><div class=\"wpb_wrapper\">\n\t<div class=\"wpb_text_column wpb_content_element  vc_custom_1584714440786 post-formatting\" >\n\t\t<div class=\"wpb_wrapper\">\n\t\t\t<p>The Remise is a peaceful hideaway in the heart oft he city. A listed ensemble of buildings in the second backyard of Kastanienallee, one of the busiest streets in the central district of Prenzlauer Berg in Berlin. This is an excellent starting point to get to know the city and ist history. The ensemble of buildings, which has grown historically since 1891\u2028(main building, stable building, half-timbered building) encloses an inner courtyard, a community and communication platform for the various users oft he complex. Currently, a family, a forge for art objects and a software development company live and work in the main building. The stable remise and the half-timbered house are available as guest houses.<\/p>\n<p>It \u0301s a good alternative to a hotel. A backyard idyll in the middle oft he city. The open plan rooms are decorated with custom furniture designed and built by the architect. Minimalist, simple and clear. The two lovingly furnished guest houses\u2028combine city tourism with the experience of an authentic Berlin backyard atmosphere.<\/p>\n\n\t\t<\/div>\n\t<\/div>\n<\/div><\/div><\/div><\/div><style data-appended-custom-css=\"true\">#projects-1.portfolio-holder .item-box .photo .on-hover {background-color: rgba(255,255,255,0.75) !important;}<\/style><style data-appended-custom-css=\"true\">#projects-1.portfolio-holder .item-box .thumb .hover-state {background-color: rgba(255,255,255,0.9) !important;}<\/style><div id=\"projects-1-container\" class=\"lab-portfolio-items portfolio-container-and-title portfolio-loop-layout-type-1  container\">\n\t\n\t<div class=\"portfolio-title-holder portfolio-title-holder--update-category-descriptions\">\n\t\n<\/div>\t\n\t<div class=\"row\">\n\t\t\n\t\t\t\t\n\t\t<div id=\"projects-1\" class=\"portfolio-holder portfolio-type-1 sort-by-js is-masonry-layout\">\n\t\t\t<div class=\"portfolio-item portfolio-item-type-1 has-padding w6 dynamic-height-image animated-eye-icon post-3508 portfolio type-portfolio status-publish has-post-thumbnail hentry\" data-portfolio-item-id=\"3508\">\r\n\r\n\t\r\n\t\r\n    <div class=\"item-box wow fadeInLab\">\r\n        <div class=\"photo\">\r\n\t\t\t                <a href=\"https:\/\/www.remise-berlin.de\/en\/projects\/fachwerkremise\/\" class=\"item-link\" aria-label=\"Half-timbered shed\">\r\n\t\t\t\t\t<span class=\"image-placeholder\" style=\"padding-bottom:75.00000000%\"><img width=\"700\" height=\"525\" class=\"attachment-portfolio-img-3 size-portfolio-img-3 img-4520 lazyload\" decoding=\"async\" loading=\"lazy\" alt=\"\" data-src=\"https:\/\/www.remise-berlin.de\/testsite\/wordpress\/wp-content\/uploads\/2020\/02\/remise-berlin-fachwerk-hof-1-700x525.jpg\" data-srcset=\"https:\/\/www.remise-berlin.de\/testsite\/wordpress\/wp-content\/uploads\/2020\/02\/remise-berlin-fachwerk-hof-1-700x525.jpg 700w, https:\/\/www.remise-berlin.de\/testsite\/wordpress\/wp-content\/uploads\/2020\/02\/remise-berlin-fachwerk-hof-1-820x615.jpg 820w, https:\/\/www.remise-berlin.de\/testsite\/wordpress\/wp-content\/uploads\/2020\/02\/remise-berlin-fachwerk-hof-1-300x225.jpg 300w, https:\/\/www.remise-berlin.de\/testsite\/wordpress\/wp-content\/uploads\/2020\/02\/remise-berlin-fachwerk-hof-1-1024x768.jpg 1024w, https:\/\/www.remise-berlin.de\/testsite\/wordpress\/wp-content\/uploads\/2020\/02\/remise-berlin-fachwerk-hof-1-768x576.jpg 768w, https:\/\/www.remise-berlin.de\/testsite\/wordpress\/wp-content\/uploads\/2020\/02\/remise-berlin-fachwerk-hof-1-1536x1152.jpg 1536w, https:\/\/www.remise-berlin.de\/testsite\/wordpress\/wp-content\/uploads\/2020\/02\/remise-berlin-fachwerk-hof-1-1612x1209.jpg 1612w, https:\/\/www.remise-berlin.de\/testsite\/wordpress\/wp-content\/uploads\/2020\/02\/remise-berlin-fachwerk-hof-1-1116x837.jpg 1116w, https:\/\/www.remise-berlin.de\/testsite\/wordpress\/wp-content\/uploads\/2020\/02\/remise-berlin-fachwerk-hof-1-806x605.jpg 806w, https:\/\/www.remise-berlin.de\/testsite\/wordpress\/wp-content\/uploads\/2020\/02\/remise-berlin-fachwerk-hof-1-558x419.jpg 558w, https:\/\/www.remise-berlin.de\/testsite\/wordpress\/wp-content\/uploads\/2020\/02\/remise-berlin-fachwerk-hof-1.jpg 2000w\" data-sizes=\"(max-width: 700px) 100vw, 700px\" \/><\/span>\r\n\t\t\t\t\t                        <span class=\"on-hover opacity-yes hover-style-primary distanced\">\r\n                                                            <i class=\"icon icon-basic-eye\"><\/i>\r\n\t\t\t\t\t\t\t                        <\/span>\r\n\t\t\t\t\t                <\/a>\r\n\t\t\t        <\/div>\r\n\r\n        <div class=\"info\">\r\n            <h3>\r\n                <a href=\"https:\/\/www.remise-berlin.de\/en\/projects\/fachwerkremise\/\" class=\"item-link\" aria-label=\"Half-timbered shed\">\r\n\t\t\t\t\tHalf-timbered shed                <\/a>\r\n            <\/h3>\r\n\r\n\t\t\t        <\/div>\r\n    <\/div>\r\n\r\n\t\r\n<\/div><div class=\"portfolio-item portfolio-item-type-1 has-padding w6 dynamic-height-image animated-eye-icon post-3509 portfolio type-portfolio status-publish has-post-thumbnail hentry\" data-portfolio-item-id=\"3509\">\r\n\r\n\t\r\n\t\r\n    <div class=\"item-box wow fadeInLab\" data-wow-delay=\"0.15s\">\r\n        <div class=\"photo\">\r\n\t\t\t                <a href=\"https:\/\/www.remise-berlin.de\/en\/projects\/stallremise\/\" class=\"item-link\" aria-label=\"Stable shed\">\r\n\t\t\t\t\t<span class=\"image-placeholder\" style=\"padding-bottom:75.00000000%\"><img width=\"700\" height=\"525\" class=\"attachment-portfolio-img-3 size-portfolio-img-3 img-4714 lazyload\" decoding=\"async\" loading=\"lazy\" alt=\"\" data-src=\"https:\/\/www.remise-berlin.de\/testsite\/wordpress\/wp-content\/uploads\/2018\/03\/remise-berlin-stall-1a-700x525.jpg\" data-srcset=\"https:\/\/www.remise-berlin.de\/testsite\/wordpress\/wp-content\/uploads\/2018\/03\/remise-berlin-stall-1a-700x525.jpg 700w, https:\/\/www.remise-berlin.de\/testsite\/wordpress\/wp-content\/uploads\/2018\/03\/remise-berlin-stall-1a-820x615.jpg 820w, https:\/\/www.remise-berlin.de\/testsite\/wordpress\/wp-content\/uploads\/2018\/03\/remise-berlin-stall-1a-300x225.jpg 300w, https:\/\/www.remise-berlin.de\/testsite\/wordpress\/wp-content\/uploads\/2018\/03\/remise-berlin-stall-1a-768x576.jpg 768w, https:\/\/www.remise-berlin.de\/testsite\/wordpress\/wp-content\/uploads\/2018\/03\/remise-berlin-stall-1a-806x605.jpg 806w, https:\/\/www.remise-berlin.de\/testsite\/wordpress\/wp-content\/uploads\/2018\/03\/remise-berlin-stall-1a-558x419.jpg 558w, https:\/\/www.remise-berlin.de\/testsite\/wordpress\/wp-content\/uploads\/2018\/03\/remise-berlin-stall-1a.jpg 1000w\" data-sizes=\"(max-width: 700px) 100vw, 700px\" \/><\/span>\r\n\t\t\t\t\t                        <span class=\"on-hover opacity-yes hover-style-primary distanced\">\r\n                                                            <i class=\"icon icon-basic-eye\"><\/i>\r\n\t\t\t\t\t\t\t                        <\/span>\r\n\t\t\t\t\t                <\/a>\r\n\t\t\t        <\/div>\r\n\r\n        <div class=\"info\">\r\n            <h3>\r\n                <a href=\"https:\/\/www.remise-berlin.de\/en\/projects\/stallremise\/\" class=\"item-link\" aria-label=\"Stable shed\">\r\n\t\t\t\t\tStable shed                <\/a>\r\n            <\/h3>\r\n\r\n\t\t\t        <\/div>\r\n    <\/div>\r\n\r\n\t\r\n<\/div>\t\t<\/div>\n\t\t\n\t\t    <script type=\"text\/javascript\">\n\t\tvar portfolioContainers = portfolioContainers || [];\n\t\tportfolioContainers.push( {\"instanceId\":\"projects-1\",\"instanceAlias\":\"projects-1\",\"baseQuery\":{\"post_type\":[\"portfolio\"],\"post_status\":\"publish\",\"posts_per_page\":12,\"paged\":1,\"meta_query\":[{\"key\":\"_thumbnail_id\",\"compare\":\"EXISTS\"}]},\"vcAttributes\":{\"portfolio_query\":\"|post_type:portfolio|size:12\",\"title\":\"\",\"title_tag\":\"h2\",\"description\":\"\",\"category_filter\":\"no\",\"default_filter_category\":\"default\",\"filter_category_hide_all\":\"\",\"portfolio_type\":\"type-1\",\"columns\":\"2\",\"reveal_effect\":\"inherit\",\"portfolio_spacing\":\"inherit\",\"dynamic_image_height\":\"yes\",\"portfolio_full_width_title_container\":\"yes\",\"portfolio_full_width\":\"inherit\",\"pagination_type\":\"hide\",\"more_link\":\"\",\"endless_auto_reveal\":\"\",\"endless_show_more_button_text\":\"Show More\",\"endless_no_more_items_button_text\":\"No more portfolio items to show\",\"endless_per_page\":\"\",\"el_class\":\"\",\"css\":\"\",\"trp_param_show\":\"\",\"trp_param_show_language\":\"\",\"trp_param_exclude\":\"\",\"trp_param_exclude_languages\":\"\"},\"postId\":0,\"count\":2,\"countByTerms\":[],\"lightboxData\":null,\"filterPushState\":false} );\n    <\/script>\n\t\t\t\n\t<\/div>\n\t\n<\/div>\n<\/div><\/div><\/div><\/div><\/div>\n<\/section>","protected":false},"excerpt":{"rendered":"Sie \u00fcbernachten in einem ehemaligen Stallgeb\u00e4ude. Wir haben den wenigen Platz ausgenutzt und auf Erschlie\u00dfungsfl\u00e4che verzichtet. Bis auf eine Badezimmert\u00fcr sind die R\u00e4umlichkeiten offen gestaltet. Bitte beachten Sie, dass das Turmzimmer im 2. Obergeschoss \u00fcber eine steile Treppenleiter erschlossen wird. Das Haus ist nicht kindersicher! Preise Mindestaufenthalt 3 N\u00e4chte f\u00fcr 2 bis 4 Personen 155&hellip;","protected":false},"author":1,"featured_media":4628,"parent":0,"menu_order":0,"comment_status":"closed","ping_status":"closed","template":"","meta":[],"acf":[],"_links":{"self":[{"href":"https:\/\/www.remise-berlin.de\/en\/wp-json\/wp\/v2\/pages\/4051"}],"collection":[{"href":"https:\/\/www.remise-berlin.de\/en\/wp-json\/wp\/v2\/pages"}],"about":[{"href":"https:\/\/www.remise-berlin.de\/en\/wp-json\/wp\/v2\/types\/page"}],"author":[{"embeddable":true,"href":"https:\/\/www.remise-berlin.de\/en\/wp-json\/wp\/v2\/users\/1"}],"replies":[{"embeddable":true,"href":"https:\/\/www.remise-berlin.de\/en\/wp-json\/wp\/v2\/comments?post=4051"}],"version-history":[{"count":20,"href":"https:\/\/www.remise-berlin.de\/en\/wp-json\/wp\/v2\/pages\/4051\/revisions"}],"predecessor-version":[{"id":4825,"href":"https:\/\/www.remise-berlin.de\/en\/wp-json\/wp\/v2\/pages\/4051\/revisions\/4825"}],"wp:featuredmedia":[{"embeddable":true,"href":"https:\/\/www.remise-berlin.de\/en\/wp-json\/wp\/v2\/media\/4628"}],"wp:attachment":[{"href":"https:\/\/www.remise-berlin.de\/en\/wp-json\/wp\/v2\/media?parent=4051"}],"curies":[{"name":"wp","href":"https:\/\/api.w.org\/{rel}","templated":true}]}}